{"id":3429,"date":"2022-01-12T10:11:01","date_gmt":"2022-01-12T15:11:01","guid":{"rendered":"https:\/\/etsaperu.com.pe\/tienda-virtual\/?post_type=product&#038;p=3429"},"modified":"2023-04-05T18:51:38","modified_gmt":"2023-04-05T23:51:38","slug":"luxemburgo-x-1-metro","status":"publish","type":"product","link":"https:\/\/etsaperu.com.pe\/tienda-virtual\/?product=luxemburgo-x-1-metro","title":{"rendered":"LUXEMBURGO x 1 metro"},"content":{"rendered":"","protected":false},"excerpt":{"rendered":"<p><span style=\"color: #000000;\"><strong>Moldura ETSADECO LUXEMBURGO<\/strong><\/span><\/p>\n<p><span style=\"color: #000000;\">El modelo Luxemburgo es perfecto para a\u00f1adir un toque de elegancia y dramatismo a las fachadas de tus edificios, tambi\u00e9n es ideal para resaltar p\u00f3rticos y delimitar los cercos perim\u00e9tricos.<\/span><\/p>\n<p><span style=\"color: #000000;\"><strong>Material:<\/strong><span style=\"color: #000000;\"> Poliestireno Expandido de alta densidad con mortero acr\u00edlico europeo.<\/span><\/span><\/p>\n<p><span style=\"color: #000000;\"><strong>Acabado:<\/strong><span style=\"color: #000000;\"> Lijar antes de iniciar proceso de pintura.<\/span><\/span><\/p>\n<p><span style=\"color: #000000;\"><strong>Presentaci\u00f3n:<\/strong><span style=\"color: #000000;\"> Unidad de 1 metro lineal.<\/span><\/span><\/p>\n<p><span style=\"color: #000000;\"><strong>Fijaci\u00f3n:<\/strong><span style=\"color: #000000;\"> Pegamento tipo silicona. Consulta por nuestros precios especiales en el pegamento.<\/span><\/span><\/p>\n","protected":false},"featured_media":3432,"template":"","meta":{"_joinchat":[]},"product_brand":[],"product_cat":[89,87],"product_tag":[],"class_list":{"0":"post-3429","1":"product","2":"type-product","3":"status-publish","4":"has-post-thumbnail","6":"product_cat-linea-europea","7":"product_cat-molduras","9":"first","10":"instock","11":"taxable","12":"shipping-taxable","13":"product-type-simple"},"_links":{"self":[{"href":"https:\/\/etsaperu.com.pe\/tienda-virtual\/index.php?rest_route=\/wp\/v2\/product\/3429","targetHints":{"allow":["GET"]}}],"collection":[{"href":"https:\/\/etsaperu.com.pe\/tienda-virtual\/index.php?rest_route=\/wp\/v2\/product"}],"about":[{"href":"https:\/\/etsaperu.com.pe\/tienda-virtual\/index.php?rest_route=\/wp\/v2\/types\/product"}],"wp:featuredmedia":[{"embeddable":true,"href":"https:\/\/etsaperu.com.pe\/tienda-virtual\/index.php?rest_route=\/wp\/v2\/media\/3432"}],"wp:attachment":[{"href":"https:\/\/etsaperu.com.pe\/tienda-virtual\/index.php?rest_route=%2Fwp%2Fv2%2Fmedia&parent=3429"}],"wp:term":[{"taxonomy":"product_brand","embeddable":true,"href":"https:\/\/etsaperu.com.pe\/tienda-virtual\/index.php?rest_route=%2Fwp%2Fv2%2Fproduct_brand&post=3429"},{"taxonomy":"product_cat","embeddable":true,"href":"https:\/\/etsaperu.com.pe\/tienda-virtual\/index.php?rest_route=%2Fwp%2Fv2%2Fproduct_cat&post=3429"},{"taxonomy":"product_tag","embeddable":true,"href":"https:\/\/etsaperu.com.pe\/tienda-virtual\/index.php?rest_route=%2Fwp%2Fv2%2Fproduct_tag&post=3429"}],"curies":[{"name":"wp","href":"https:\/\/api.w.org\/{rel}","templated":true}]}}