{"id":3417,"date":"2022-01-11T10:00:58","date_gmt":"2022-01-11T15:00:58","guid":{"rendered":"https:\/\/etsaperu.com.pe\/tienda-virtual\/?post_type=product&#038;p=3417"},"modified":"2023-04-04T11:56:27","modified_gmt":"2023-04-04T16:56:27","slug":"mendoza-x-1-metro","status":"publish","type":"product","link":"https:\/\/etsaperu.com.pe\/tienda-virtual\/?product=mendoza-x-1-metro","title":{"rendered":"MENDOZA x 1 metro"},"content":{"rendered":"","protected":false},"excerpt":{"rendered":"<p><span style=\"color: #000000;\"><strong>Moldura ETSADECO MENDOZA<\/strong><\/span><\/p>\n<p><span style=\"color: #000000;\">A\u00f1ade un toque distintivo a tus fachadas con el modelo Mendoza que destaca por su dise\u00f1o y generaci\u00f3n de vol\u00famenes monumentales. Ideal para p\u00f3rticos y cercos perim\u00e9tricos.<\/span><\/p>\n<p><span style=\"color: #000000;\"><strong>Material:<\/strong><span style=\"color: #000000;\"> Poliestireno Expandido de alta densidad con mortero acr\u00edlico europeo.<\/span><\/span><\/p>\n<p><span style=\"color: #000000;\"><strong>Presentaci\u00f3n:<\/strong><span style=\"color: #000000;\"> Unidad de 1 metro lineal.<\/span><\/span><\/p>\n<p><span style=\"color: #000000;\"><strong>Acabado:<\/strong><span style=\"color: #000000;\"> Lijar antes de iniciar proceso de pintura.<\/span><\/span><\/p>\n<p><span style=\"color: #000000;\"><strong>Fijaci\u00f3n:<\/strong><span style=\"color: #000000;\"> Pegamento tipo silicona. Consulta por nuestros precios especiales en el pegamento.<\/span><\/span><\/p>\n","protected":false},"featured_media":3270,"template":"","meta":{"_joinchat":[]},"product_brand":[],"product_cat":[90,87],"product_tag":[],"class_list":{"0":"post-3417","1":"product","2":"type-product","3":"status-publish","4":"has-post-thumbnail","6":"product_cat-linea-americana","7":"product_cat-molduras","9":"first","10":"instock","11":"taxable","12":"shipping-taxable","13":"product-type-simple"},"_links":{"self":[{"href":"https:\/\/etsaperu.com.pe\/tienda-virtual\/index.php?rest_route=\/wp\/v2\/product\/3417","targetHints":{"allow":["GET"]}}],"collection":[{"href":"https:\/\/etsaperu.com.pe\/tienda-virtual\/index.php?rest_route=\/wp\/v2\/product"}],"about":[{"href":"https:\/\/etsaperu.com.pe\/tienda-virtual\/index.php?rest_route=\/wp\/v2\/types\/product"}],"wp:featuredmedia":[{"embeddable":true,"href":"https:\/\/etsaperu.com.pe\/tienda-virtual\/index.php?rest_route=\/wp\/v2\/media\/3270"}],"wp:attachment":[{"href":"https:\/\/etsaperu.com.pe\/tienda-virtual\/index.php?rest_route=%2Fwp%2Fv2%2Fmedia&parent=3417"}],"wp:term":[{"taxonomy":"product_brand","embeddable":true,"href":"https:\/\/etsaperu.com.pe\/tienda-virtual\/index.php?rest_route=%2Fwp%2Fv2%2Fproduct_brand&post=3417"},{"taxonomy":"product_cat","embeddable":true,"href":"https:\/\/etsaperu.com.pe\/tienda-virtual\/index.php?rest_route=%2Fwp%2Fv2%2Fproduct_cat&post=3417"},{"taxonomy":"product_tag","embeddable":true,"href":"https:\/\/etsaperu.com.pe\/tienda-virtual\/index.php?rest_route=%2Fwp%2Fv2%2Fproduct_tag&post=3417"}],"curies":[{"name":"wp","href":"https:\/\/api.w.org\/{rel}","templated":true}]}}