{"id":3240,"date":"2020-08-17T17:57:47","date_gmt":"2020-08-17T22:57:47","guid":{"rendered":"https:\/\/etsaperu.com.pe\/tienda-virtual\/?post_type=product&#038;p=3240"},"modified":"2025-05-12T13:04:28","modified_gmt":"2025-05-12T18:04:28","slug":"pegamento-soudal-fix-all-blanco-x-290-ml","status":"publish","type":"product","link":"https:\/\/etsaperu.com.pe\/tienda-virtual\/?product=pegamento-soudal-fix-all-blanco-x-290-ml","title":{"rendered":"PEGAMENTO SOUDAL FIX ALL BLANCO X 290 ML"},"content":{"rendered":"","protected":false},"excerpt":{"rendered":"<p><span style=\"color: #000000;\"><strong>SELLADOR ADHESIVO PARA TECNOPOR<br \/>\n<\/strong><\/span><\/p>\n<p><span style=\"color: #000000;\"><strong>PRESENTACI\u00d3N: CARTUCHO DE 290 ML<\/strong><strong>.<\/strong><\/span><\/p>\n<p><span style=\"color: #000000;\">Sellador adhesivo monocomponente, el\u00e1stico, neutro y de gran calidad a base de pol\u00edmero SMX con adherencia inicial muy alta.<\/span><\/p>\n<p><span style=\"color: #000000;\"><strong>APLICACIONES:<\/strong><\/span><\/p>\n<ul>\n<li><span style=\"color: #000000;\">Sellado y pegado de molduras de EPS (tecnopor)<\/span><\/li>\n<li><span style=\"color: #000000;\">Pegado en m\u00faltiples sustratos de construcci\u00f3n como tecnopor, madera tratada, metales, pvc, pl\u00e1sticos. \u00c9stas deben estar limpias, secas y sin grasa. (para m\u00e1s detalles leer la ficha t\u00e9cnica)<\/span><\/li>\n<\/ul>\n<p>&nbsp;<\/p>\n<p>&nbsp;<\/p>\n","protected":false},"featured_media":3241,"template":"","meta":{"_joinchat":[]},"product_brand":[],"product_cat":[102],"product_tag":[],"class_list":{"0":"post-3240","1":"product","2":"type-product","3":"status-publish","4":"has-post-thumbnail","6":"product_cat-pegamentos","8":"first","9":"outofstock","10":"featured","11":"taxable","12":"shipping-taxable","13":"purchasable","14":"product-type-simple"},"_links":{"self":[{"href":"https:\/\/etsaperu.com.pe\/tienda-virtual\/index.php?rest_route=\/wp\/v2\/product\/3240","targetHints":{"allow":["GET"]}}],"collection":[{"href":"https:\/\/etsaperu.com.pe\/tienda-virtual\/index.php?rest_route=\/wp\/v2\/product"}],"about":[{"href":"https:\/\/etsaperu.com.pe\/tienda-virtual\/index.php?rest_route=\/wp\/v2\/types\/product"}],"wp:featuredmedia":[{"embeddable":true,"href":"https:\/\/etsaperu.com.pe\/tienda-virtual\/index.php?rest_route=\/wp\/v2\/media\/3241"}],"wp:attachment":[{"href":"https:\/\/etsaperu.com.pe\/tienda-virtual\/index.php?rest_route=%2Fwp%2Fv2%2Fmedia&parent=3240"}],"wp:term":[{"taxonomy":"product_brand","embeddable":true,"href":"https:\/\/etsaperu.com.pe\/tienda-virtual\/index.php?rest_route=%2Fwp%2Fv2%2Fproduct_brand&post=3240"},{"taxonomy":"product_cat","embeddable":true,"href":"https:\/\/etsaperu.com.pe\/tienda-virtual\/index.php?rest_route=%2Fwp%2Fv2%2Fproduct_cat&post=3240"},{"taxonomy":"product_tag","embeddable":true,"href":"https:\/\/etsaperu.com.pe\/tienda-virtual\/index.php?rest_route=%2Fwp%2Fv2%2Fproduct_tag&post=3240"}],"curies":[{"name":"wp","href":"https:\/\/api.w.org\/{rel}","templated":true}]}}