{"id":2669,"date":"2020-06-11T10:03:53","date_gmt":"2020-06-11T15:03:53","guid":{"rendered":"https:\/\/etsaperu.com.pe\/tienda-virtual\/?post_type=product&#038;p=2669"},"modified":"2022-05-05T16:16:45","modified_gmt":"2022-05-05T21:16:45","slug":"plancha-de-tecnopor-eps-de-1-x-240-x-120-densidad-10-36-unidades","status":"publish","type":"product","link":"https:\/\/etsaperu.com.pe\/tienda-virtual\/?product=plancha-de-tecnopor-eps-de-1-x-240-x-120-densidad-10-36-unidades","title":{"rendered":"PAQUETE PLANCHA TECNOPOR 1&#8243; (36 unidades)"},"content":{"rendered":"","protected":false},"excerpt":{"rendered":"<p><span style=\"color: #000000;\"><strong>POLIESTIRENO EXPANDIDO EPS DE<\/strong><strong> 240 x 120 x 1&#8243; DENSIDAD 10<br \/>\n<\/strong><\/span><\/p>\n<p><strong>El paquete contiene 36 unidades.<\/strong><\/p>\n<p><span style=\"color: #000000;\">Plancha de poliestireno expandido (EPS- Tecnopor) para ser usado como elemento de relleno en obras de Construcci\u00f3n como junta de dilataci\u00f3n, aligeramiento de estructura, entre otros.<\/span><\/p>\n<p><span style=\"color: #000000;\"><strong>BENEFICIOS:<\/strong><\/span><\/p>\n<ul>\n<li><span style=\"color: #000000;\">Optimo para juntas estructurales, en cerramientos, pavimentos, rellenos, revestimientos, particiones y falsos techos.<\/span><\/li>\n<li><span style=\"color: #000000;\">Aislante t\u00e9rmico para pisos y paredes. Mayor confort t\u00e9rmico y ac\u00fastico.<\/span><\/li>\n<li><span style=\"color: #000000;\">Ideal para aislamiento de cobertura y revestimiento exterior<\/span><\/li>\n<li><span style=\"color: #000000;\">Elemento indispensable para la construcci\u00f3n de Muro EIFS<\/span><\/li>\n<li><span style=\"color: #000000;\">Usado como n\u00facleo para Paneles Prefabricados<\/span><\/li>\n<li><span style=\"color: #000000;\">Gran facilidad de descarga y sin riesgos personales en su manipuleo.<\/span><\/li>\n<li><span style=\"color: #000000;\">Ventajas ecol\u00f3gicas al usar menos energ\u00eda y recursos en su fabricaci\u00f3n, transporte y uso final.<\/span><\/li>\n<li><span style=\"color: #000000;\">Fabricado con EPS AUTOEXTINGIBLE (DIN4102).<\/span><\/li>\n<\/ul>\n","protected":false},"featured_media":1921,"template":"","meta":{"_joinchat":[]},"product_brand":[],"product_cat":[64],"product_tag":[],"class_list":{"0":"post-2669","1":"product","2":"type-product","3":"status-publish","4":"has-post-thumbnail","6":"product_cat-planchas","8":"first","9":"instock","10":"taxable","11":"shipping-taxable","12":"purchasable","13":"product-type-simple"},"_links":{"self":[{"href":"https:\/\/etsaperu.com.pe\/tienda-virtual\/index.php?rest_route=\/wp\/v2\/product\/2669","targetHints":{"allow":["GET"]}}],"collection":[{"href":"https:\/\/etsaperu.com.pe\/tienda-virtual\/index.php?rest_route=\/wp\/v2\/product"}],"about":[{"href":"https:\/\/etsaperu.com.pe\/tienda-virtual\/index.php?rest_route=\/wp\/v2\/types\/product"}],"wp:featuredmedia":[{"embeddable":true,"href":"https:\/\/etsaperu.com.pe\/tienda-virtual\/index.php?rest_route=\/wp\/v2\/media\/1921"}],"wp:attachment":[{"href":"https:\/\/etsaperu.com.pe\/tienda-virtual\/index.php?rest_route=%2Fwp%2Fv2%2Fmedia&parent=2669"}],"wp:term":[{"taxonomy":"product_brand","embeddable":true,"href":"https:\/\/etsaperu.com.pe\/tienda-virtual\/index.php?rest_route=%2Fwp%2Fv2%2Fproduct_brand&post=2669"},{"taxonomy":"product_cat","embeddable":true,"href":"https:\/\/etsaperu.com.pe\/tienda-virtual\/index.php?rest_route=%2Fwp%2Fv2%2Fproduct_cat&post=2669"},{"taxonomy":"product_tag","embeddable":true,"href":"https:\/\/etsaperu.com.pe\/tienda-virtual\/index.php?rest_route=%2Fwp%2Fv2%2Fproduct_tag&post=2669"}],"curies":[{"name":"wp","href":"https:\/\/api.w.org\/{rel}","templated":true}]}}