{"id":1699,"date":"2018-07-16T06:22:18","date_gmt":"2018-07-16T06:22:18","guid":{"rendered":"http:\/\/etsaperu.com.pe\/tienda-virtual\/?page_id=1699"},"modified":"2020-07-27T10:39:03","modified_gmt":"2020-07-27T15:39:03","slug":"privacy-policy","status":"publish","type":"page","link":"https:\/\/etsaperu.com.pe\/tienda-virtual\/?page_id=1699","title":{"rendered":"Pol\u00edtica de privacidad"},"content":{"rendered":"<p>[vc_row hide_bg_image_on_tablet=&#8221;&#8221; hide_bg_image_on_mobile=&#8221;&#8221; css=&#8221;.vc_custom_1527690597112{background-color: #f7f8f9 !important;}&#8221;][vc_column icons_position=&#8221;left&#8221;][vc_empty_space height=&#8221;4em&#8221; alter_height=&#8221;none&#8221; hide_on_mobile=&#8221;&#8221; hide_on_desktop=&#8221;&#8221; hide_on_notebook=&#8221;&#8221; hide_on_tablet=&#8221;&#8221;][vc_column_text css=&#8221;.vc_custom_1595863920968{background-color: #f7f7f7 !important;}&#8221;]<\/p>\n<h4 style=\"text-align: center;\">POL\u00cdTICAS DE PRIVACIDAD<\/h4>\n<h6><strong>Controlador de datos y propietario<\/strong><\/h6>\n<p>Esta P\u00e1gina Web de E-COMMERCE recoge algunos datos personales de sus usuarios. ETSA PERU S.A., con RUC No 20341078076 quien en adelante ser\u00e1 el Controlador de los Datos, con domicilio en Cal.San Carlos Nro. 198 Urb. Santa Martha distrito de ATE, provincia y departamento de Lima (en adelante, E-Commerce), establece la siguiente Pol\u00edtica de Privacidad de Datos Personales, a fin de regular la informaci\u00f3n contenida en la P\u00e1gina Web \u201cE-COMMERCE\u201d.<\/p>\n<p>El CLIENTE es una persona natural que manifiesta expresamente su voluntad de registrar su informaci\u00f3n personal en el P\u00e1gina Web E-COMMERCE.<\/p>\n<h6><strong>Tipos de datos recolectados<\/strong><\/h6>\n<p>Entre los tipos de datos personales que esta aplicaci\u00f3n recopila, por s\u00ed mismo o a trav\u00e9s de terceros, se encuentran: Datos de cookies y uso.<\/p>\n<p>Otros datos personales recopilados se pueden describir en otras secciones de esta pol\u00edtica de privacidad o mediante un texto de explicaci\u00f3n dedicado contextualmente con la recopilaci\u00f3n de datos.<\/p>\n<p>Los datos personales pueden ser proporcionados libremente por el usuario (del CLIENTE) o recopilados autom\u00e1ticamente cuando se utiliza esta p\u00e1gina web (E-COMMERCE).<\/p>\n<p>Cualquier uso de Cookies -o de otras herramientas de seguimiento- por esta P\u00e1gina Web o por los propietarios de servicios de terceros utilizados por esta P\u00e1gina Web, a menos que se indique lo contrario, sirve para identificar a los Usuarios y recordar sus preferencias, con el \u00fanico prop\u00f3sito de proporcionar el servicio requerido por el usuario. Si no se proporcionan ciertos datos personales, es posible que esta aplicaci\u00f3n no pueda brindar sus servicios.<\/p>\n<p>El Usuario asume la responsabilidad de los Datos Personales de terceros publicados o compartidos a trav\u00e9s de esta P\u00e1gina Web y declara tener el derecho de comunicarlos o transmitirlos, liberando as\u00ed al Controlador de Datos de toda responsabilidad.<\/p>\n<h6><strong>Modo y lugar de procesamiento de los datos<\/strong><\/h6>\n<p>M\u00e9todos de procesamiento<br \/>\nLa P\u00e1gina Web E-COMMERCE procesa los Datos de los Usuarios de forma adecuada y tomar\u00e1 las medidas de seguridad adecuadas para evitar el acceso no autorizado, la divulgaci\u00f3n, la modificaci\u00f3n o la destrucci\u00f3n no autorizada de los Datos.<\/p>\n<p>El procesamiento de datos se lleva a cabo utilizando la PC, los tel\u00e9fonos Smartphone y \/ o Phablets o Tablets en plataforma Android, Apple, Microsoft, Linux, etc., siguiendo los procedimientos y modos organizativos estrictamente relacionados con los fines indicados. Adem\u00e1s, en la P\u00e1gina Web E-COMMERCE, en algunos casos, los datos pueden ser accesibles para ciertos tipos de personas a cargo, involucradas con el funcionamiento del sitio (administraci\u00f3n, ventas, marketing, legal, administraci\u00f3n de sistemas) o partes externas (como terceros de pasarelas de pago). Proveedores de servicios de terceros para Pagos Electr\u00f3nicos, proveedores de hosting, compa\u00f1\u00edas de TI, agencias de comunicaci\u00f3n) nombrados, si es necesario, como Procesadores de Datos por el Propietario. La lista actualizada de estas partes puede solicitarse a ETSA PERU como Controlador de datos en cualquier momento.<\/p>\n<p>Lugar<br \/>\nLos datos se procesan en el lugar de trabajo del controlador de datos y en otros lugares donde se encuentran las partes involucradas en el procesamiento. Para obtener m\u00e1s informaci\u00f3n, p\u00f3ngase en contacto con el controlador de datos.<\/p>\n<h6><strong>Tiempo de retenci\u00f3n<\/strong><\/h6>\n<p>Los Datos se conservan durante el tiempo necesario para proporcionar el servicio solicitado por el Usuario, o establecidos por los fines descritos en este documento, y el Usuario siempre puede solicitar que el Controlador de Datos suspenda o elimine los datos.<\/p>\n<h6><strong>El uso de los datos recopilados<\/strong><\/h6>\n<p>Los datos del usuario se recopilan para permitir que la aplicaci\u00f3n brinde sus servicios, as\u00ed como para los siguientes prop\u00f3sitos: acceso a cuentas de servicios de terceros, creaci\u00f3n del usuario en el perfil de la aplicaci\u00f3n, comentarios de contenido e interacci\u00f3n con plataformas y redes sociales externas. Los datos personales utilizados para cada fin se describen en las secciones espec\u00edficas de este documento.<\/p>\n<h6><strong>Los permisos solicitados son los siguientes:<\/strong><\/h6>\n<p>Informaci\u00f3n b\u00e1sica<br \/>\nDe forma predeterminada, esto incluye ciertos datos del usuario, como id, nombre, imagen, correo electr\u00f3nico, celular, identificaci\u00f3n personal, g\u00e9nero y su configuraci\u00f3n regional. Ciertas conexiones del usuario, como Friends, tambi\u00e9n est\u00e1n disponibles. Si el usuario ha hecho m\u00e1s p\u00fablicos sus datos, habr\u00e1 m\u00e1s informaci\u00f3n disponible.<\/p>\n<p>Gustos<br \/>\nProporciona acceso a la lista de todas las p\u00e1ginas que le han gustado al usuario.<\/p>\n<p>Informaci\u00f3n detallada sobre el procesamiento de datos personales Los datos personales se recopilan para los siguientes prop\u00f3sitos y utilizando los siguientes servicios:<\/p>\n<p>Acceso a cuentas de servicios de terceros<br \/>\nEstos servicios le permiten a esta P\u00e1gina Web acceder a los Datos de su cuenta en un servicio de terceros y realizar acciones con ellos.<br \/>\nEstos servicios no se activan autom\u00e1ticamente, sino que requieren una autorizaci\u00f3n expl\u00edcita del usuario.<\/p>\n<h6><strong>Datos personales recopilados: varios tipos de datos.<\/strong><\/h6>\n<p>Lugar de procesamiento: Per\u00fa.<\/p>\n<p>De conformidad con lo establecido en la Ley de Protecci\u00f3n de Datos Personales \u2013 Ley N\u00b029733, su Reglamento (Decreto Supremo N\u00b0 003-2013-JUS) y las disposiciones complementarias, modificatorias y aclaratorias posteriores, los datos personales que el CLIENTE proporcione con motivo de la inscripci\u00f3n en la Pagina Web E-COMMERCE, quedan incorporados al banco de datos de clientes de ETSA PERU S.A.<\/p>\n<p>Asimismo, titular de los datos personales autoriza a ETSA PERU S.A. a utilizar, en tanto esta autorizaci\u00f3n no se revocada, sus datos personales, aquellos que pudieran encontrarse en fuentes accesibles para el p\u00fablico, para el tratamiento que suponga el desarrollo de acciones comerciales, elaboraci\u00f3n de perfiles de compra; Publicidad enviada a su direcci\u00f3n, correo electr\u00f3nico, tel\u00e9fono fijo, tel\u00e9fono celular, por proximidad del CLIENTE a trav\u00e9s de diversas tecnolog\u00edas que lo permiten u otro medio de comunicaci\u00f3n; y, de ser necesario, encargar el tratamiento de sus datos a terceros proveedores para lo cual se le informar\u00e1 sobre estos a su correo electr\u00f3nico.<\/p>\n<p>Se informa al titular de los datos personales que puede revocar la autorizaci\u00f3n para el tratamiento de sus datos personales en cualquier momento, de conformidad con lo previsto en la Ley y su Reglamento. Para ejercer tal derecho o cualquier otro previsto en dichas normas, incluyendo los de acceso, rectificaci\u00f3n u oposici\u00f3n, el titular de datos personales podr\u00e1 presentar su solicitud a trav\u00e9s del correo etsadatos@etsaperu.com.pe.<\/p>\n<p>El CLIENTE declara haber sido informado que la revocatoria de su consentimiento implica dejar sin efecto su inscripci\u00f3n en la P\u00e1gina Web E-COMMERCE.<\/p>\n<h6><strong>Legislaci\u00f3n y Competencia<\/strong><\/h6>\n<p>Para cualquier controversia que pudiera derivarse de la Pagina Web E-COMMERCE, los CLIENTES y ETSA PERU se someter\u00e1n a la jurisdicci\u00f3n de los jueces y tribunales del distrito Judicial de Lima. Los CLIENTES declaran su sometimiento a dichos jueces y tribunales. En todo lo no contenido en los T\u00e9rminos y Condiciones, ser\u00e1n de aplicaci\u00f3n las leyes peruanas vigentes.<\/p>\n<p><strong>NOTA:<\/strong> Declaro haber le\u00eddo los presentes T\u00e9rminos y Condiciones y la aceptaci\u00f3n digital de los mismos son se\u00f1al de aceptaci\u00f3n y conformidad con sus estipulaciones, en especial las pol\u00edticas sobre el uso de datos personales.<\/p>\n<h6><strong>Los derechos de los usuarios<\/strong><\/h6>\n<p>Los usuarios tienen derecho, en cualquier momento, a saber, si sus datos personales han sido almacenados y pueden consultar el controlador de datos para conocer sus contenidos y origen, verificar su exactitud o solicitar que se completen, cancelen, actualicen o corrijan., o para su transformaci\u00f3n en formato an\u00f3nimo o para bloquear cualquier informaci\u00f3n que se tenga en violaci\u00f3n de la ley, as\u00ed como para oponerse a su tratamiento por cualquier raz\u00f3n leg\u00edtima. Las solicitudes deben enviarse al Controlador de datos a la informaci\u00f3n de contacto establecida anteriormente.<\/p>\n<h6><strong>Esta aplicaci\u00f3n no admite solicitudes de \u201cNo rastrear\u201d.<\/strong><\/h6>\n<p>Para determinar si alguno de los servicios de terceros que utiliza cumple con las solicitudes de \u201cNo rastrear\u201d, lea sus pol\u00edticas de privacidad.<\/p>\n<h6><strong>Cambios a esta pol\u00edtica de privacidad<\/strong><\/h6>\n<p>El Controlador de Datos se reserva el derecho de realizar cambios a esta pol\u00edtica de privacidad en cualquier momento mediante notificaci\u00f3n a sus Usuarios en esta p\u00e1gina. Se recomienda encarecidamente que consulte esta p\u00e1gina a menudo, en referencia a la fecha de la \u00faltima modificaci\u00f3n que figura en la parte inferior. Si un Usuario se opone a cualquiera de los cambios a la Pol\u00edtica, el Usuario debe dejar de usar esta P\u00e1gina Web y puede solicitar que el Controlador de Datos elimine los Datos Personales. A menos que se indique lo contrario, la pol\u00edtica de privacidad vigente en ese momento se aplica a todos los Datos Personales que el Controlador de Datos tenga sobre los Usuarios.<\/p>\n<p>Informaci\u00f3n del uso de nuestras aplicaciones Cuando utiliza nuestras Pagina Web, podemos recopilar cierta informaci\u00f3n adem\u00e1s de la informaci\u00f3n descrita en otra parte de esta Pol\u00edtica. Por ejemplo, podemos recopilar informaci\u00f3n sobre el tipo de dispositivo y sistema operativo que utiliza. Podemos preguntarle si desea recibir notificaciones autom\u00e1ticas sobre la actividad en su cuenta. Si ha optado por estas notificaciones y ya no desea recibirlas, puede desactivarlas a trav\u00e9s de su sistema operativo. Podemos solicitar, acceder o rastrear la informaci\u00f3n basada en la ubicaci\u00f3n desde su dispositivo m\u00f3vil para que pueda probar las funciones basadas en la ubicaci\u00f3n que ofrecen los Servicios o recibir notificaciones push espec\u00edficas basadas en su ubicaci\u00f3n. Si opt\u00f3 por compartir esa informaci\u00f3n basada en la ubicaci\u00f3n y ya no desea compartirla, puede desactivar el uso compartido a trav\u00e9s de su sistema operativo. Podemos usar software de an\u00e1lisis m\u00f3vil (como crashlytics.com) para comprender mejor c\u00f3mo las personas usan nuestros Sistemas. Podemos recopilar informaci\u00f3n sobre la frecuencia con la que utiliza la Pagina Web y otros datos de rendimiento.<\/p>\n<h6><strong>Definiciones y referencias legales<\/strong><\/h6>\n<p>Datos personales (o datos)<br \/>\nCualquier informaci\u00f3n sobre una persona f\u00edsica, una persona jur\u00eddica, una instituci\u00f3n o una asociaci\u00f3n, que se identifica o se puede identificar, incluso indirectamente, mediante referencia a cualquier otra informaci\u00f3n, incluido un n\u00famero de identificaci\u00f3n personal.<\/p>\n<p>Datos de uso<br \/>\nInformaci\u00f3n recopilada autom\u00e1ticamente de esta P\u00e1gina Web (o servicios de terceros empleados en esta P\u00e1gina Web), que puede incluir: las direcciones IP o nombres de dominio de las computadoras utilizadas por los Usuarios que usan este programa, las direcciones URI (Identificador Uniforme de Recursos), el tiempo de la solicitud, el m\u00e9todo utilizado para enviar la solicitud al servidor, el tama\u00f1o del archivo recibido en respuesta, el c\u00f3digo num\u00e9rico que indica el estado de la respuesta del servidor (resultado exitoso, error, etc.), el pa\u00eds de origen, el caracter\u00edsticas del navegador y del sistema operativo utilizado por el Usuario, los diversos detalles de tiempo por visita (por ejemplo, el tiempo dedicado a cada p\u00e1gina dentro nuestra P\u00e1gina Web) y los detalles sobre la ruta seguida dentro de la Pagina Web con referencia especial a la secuencia de p\u00e1ginas visitado, y otros par\u00e1metros sobre el sistema operativo del dispositivo y \/ o el entorno de TI del usuario.<\/p>\n<p>Usuario<br \/>\nEl individuo que usa esta P\u00e1gina Web, que debe coincidir o ser autorizado por el Sujeto de Datos, a quien se refieren los Datos Personales.<\/p>\n<p>Sujeto de datos<br \/>\nLa persona f\u00edsica o jur\u00eddica a quien se refieren los datos personales.<\/p>\n<p>Procesador de Datos (o Supervisor de Datos)<br \/>\nLa persona f\u00edsica, persona jur\u00eddica, administraci\u00f3n p\u00fablica o cualquier otro organismo, asociaci\u00f3n u organizaci\u00f3n autorizada por el Controlador de Datos para procesar los Datos Personales de conformidad con esta pol\u00edtica de privacidad.<\/p>\n<p>Controlador de datos (o propietario)<br \/>\nLa persona f\u00edsica, persona jur\u00eddica, administraci\u00f3n p\u00fablica o cualquier otro organismo, asociaci\u00f3n u organizaci\u00f3n con derecho, tambi\u00e9n juntamente con otro Controlador de Datos, para tomar decisiones con respecto a los prop\u00f3sitos, y los m\u00e9todos de procesamiento de los Datos Personales y los medios utilizados, incluido las medidas de seguridad concernientes al funcionamiento y uso de esta Aplicaci\u00f3n. El controlador de datos, a menos que se especifique lo contrario, es el propietario de esta aplicaci\u00f3n.<\/p>\n<p>Este Programa<br \/>\nLa herramienta de hardware o software por la que se recopilan los datos personales del usuario.[\/vc_column_text][vc_empty_space height=&#8221;4em&#8221; alter_height=&#8221;none&#8221; hide_on_mobile=&#8221;&#8221; hide_on_desktop=&#8221;&#8221; hide_on_notebook=&#8221;&#8221; hide_on_tablet=&#8221;&#8221;][\/vc_column][\/vc_row][vc_row][vc_column icons_position=&#8221;left&#8221;][vc_empty_space height=&#8221;70px&#8221; alter_height=&#8221;none&#8221; hide_on_mobile=&#8221;&#8221; hide_on_desktop=&#8221;&#8221; hide_on_notebook=&#8221;&#8221; hide_on_tablet=&#8221;&#8221;][\/vc_column][\/vc_row][vc_row][vc_column icons_position=&#8221;left&#8221;][vc_empty_space height=&#8221;70px&#8221; alter_height=&#8221;none&#8221; hide_on_mobile=&#8221;&#8221; hide_on_desktop=&#8221;&#8221; hide_on_notebook=&#8221;&#8221; hide_on_tablet=&#8221;&#8221;][\/vc_column][\/vc_row]<\/p>\n","protected":false},"excerpt":{"rendered":"<p>[vc_row hide_bg_image_on_tablet=&#8221;&#8221; hide_bg_image_on_mobile=&#8221;&#8221; css=&#8221;.vc_custom_1527690597112{background-color: #f7f8f9 !important;}&#8221;][vc_column icons_position=&#8221;left&#8221;][vc_empty_space height=&#8221;4em&#8221; alter_height=&#8221;none&#8221; hide_on_mobile=&#8221;&#8221; hide_on_desktop=&#8221;&#8221; hide_on_notebook=&#8221;&#8221; hide_on_tablet=&#8221;&#8221;][vc_column_text css=&#8221;.vc_custom_1595863920968{background-color: #f7f7f7 !important;}&#8221;] POL\u00cdTICAS DE PRIVACIDAD Controlador de datos y propietario Esta P\u00e1gina Web de E-COMMERCE recoge algunos datos personales de sus usuarios. ETSA PERU S.A., con RUC No 20341078076 quien en adelante ser\u00e1 el Controlador de los Datos, con domicilio en [&hellip;]<\/p>\n","protected":false},"author":1,"featured_media":0,"parent":0,"menu_order":0,"comment_status":"closed","ping_status":"closed","template":"","meta":{"_joinchat":[],"footnotes":""},"class_list":["post-1699","page","type-page","status-publish","hentry"],"_links":{"self":[{"href":"https:\/\/etsaperu.com.pe\/tienda-virtual\/index.php?rest_route=\/wp\/v2\/pages\/1699","targetHints":{"allow":["GET"]}}],"collection":[{"href":"https:\/\/etsaperu.com.pe\/tienda-virtual\/index.php?rest_route=\/wp\/v2\/pages"}],"about":[{"href":"https:\/\/etsaperu.com.pe\/tienda-virtual\/index.php?rest_route=\/wp\/v2\/types\/page"}],"author":[{"embeddable":true,"href":"https:\/\/etsaperu.com.pe\/tienda-virtual\/index.php?rest_route=\/wp\/v2\/users\/1"}],"replies":[{"embeddable":true,"href":"https:\/\/etsaperu.com.pe\/tienda-virtual\/index.php?rest_route=%2Fwp%2Fv2%2Fcomments&post=1699"}],"version-history":[{"count":36,"href":"https:\/\/etsaperu.com.pe\/tienda-virtual\/index.php?rest_route=\/wp\/v2\/pages\/1699\/revisions"}],"predecessor-version":[{"id":3198,"href":"https:\/\/etsaperu.com.pe\/tienda-virtual\/index.php?rest_route=\/wp\/v2\/pages\/1699\/revisions\/3198"}],"wp:attachment":[{"href":"https:\/\/etsaperu.com.pe\/tienda-virtual\/index.php?rest_route=%2Fwp%2Fv2%2Fmedia&parent=1699"}],"curies":[{"name":"wp","href":"https:\/\/api.w.org\/{rel}","templated":true}]}}